{"id":1638,"date":"2023-09-06T09:33:28","date_gmt":"2023-09-06T09:33:28","guid":{"rendered":"https:\/\/plaverd.com\/?page_id=1638"},"modified":"2023-09-06T09:35:22","modified_gmt":"2023-09-06T09:35:22","slug":"politica-de-privacidad","status":"publish","type":"page","link":"https:\/\/plaverd.com\/es\/politica-de-privacidad\/","title":{"rendered":"Pol\u00edtica de privacidad"},"content":{"rendered":"\t\t<div data-elementor-type=\"wp-page\" data-elementor-id=\"1638\" class=\"elementor elementor-1638\" data-elementor-post-type=\"page\">\n\t\t\t\t\t\t<section class=\"elementor-section elementor-top-section elementor-element elementor-element-e276bf6 elementor-section-full_width elementor-section-height-full elementor-section-height-default elementor-section-items-middle\" data-id=\"e276bf6\" data-element_type=\"section\" data-settings=\"{&quot;background_background&quot;:&quot;video&quot;,&quot;background_video_link&quot;:&quot;https:\\\/\\\/www.youtube.com\\\/watch?v=JbtixmzS4cU&quot;,&quot;background_video_end&quot;:141,&quot;background_video_start&quot;:0,&quot;background_privacy_mode&quot;:&quot;yes&quot;,&quot;background_play_on_mobile&quot;:&quot;yes&quot;}\">\n\t\t\t\t\t\t\t\t<div class=\"elementor-background-video-container\">\n\t\t\t\t\t\t\t\t\t\t\t\t\t<div class=\"elementor-background-video-embed\"><\/div>\n\t\t\t\t\t\t\t\t\t\t\t\t<\/div>\n\t\t\t\t\t\t\t\t\t<div class=\"elementor-background-overlay\"><\/div>\n\t\t\t\t\t\t\t<div class=\"elementor-container elementor-column-gap-default\">\n\t\t\t\t\t<div class=\"elementor-column elementor-col-100 elementor-top-column elementor-element elementor-element-15e9572\" data-id=\"15e9572\" data-element_type=\"column\">\n\t\t\t<div class=\"elementor-widget-wrap elementor-element-populated\">\n\t\t\t\t\t\t<div class=\"elementor-element elementor-element-252083d elementor-widget elementor-widget-heading\" data-id=\"252083d\" data-element_type=\"widget\" data-widget_type=\"heading.default\">\n\t\t\t\t<div class=\"elementor-widget-container\">\n\t\t\t\t\t<h2 class=\"elementor-heading-title elementor-size-default\"> <\/h2>\t\t\t\t<\/div>\n\t\t\t\t<\/div>\n\t\t\t\t\t<\/div>\n\t\t<\/div>\n\t\t\t\t\t<\/div>\n\t\t<\/section>\n\t\t\t\t<section class=\"elementor-section elementor-top-section elementor-element elementor-element-e6ee5f8 elementor-section-boxed elementor-section-height-default elementor-section-height-default\" data-id=\"e6ee5f8\" data-element_type=\"section\">\n\t\t\t\t\t\t<div class=\"elementor-container elementor-column-gap-default\">\n\t\t\t\t\t<div class=\"elementor-column elementor-col-100 elementor-top-column elementor-element elementor-element-40a3873\" data-id=\"40a3873\" data-element_type=\"column\">\n\t\t\t<div class=\"elementor-widget-wrap elementor-element-populated\">\n\t\t\t\t\t\t<div class=\"elementor-element elementor-element-8e43830 elementor-widget elementor-widget-spacer\" data-id=\"8e43830\" data-element_type=\"widget\" data-widget_type=\"spacer.default\">\n\t\t\t\t<div class=\"elementor-widget-container\">\n\t\t\t\t\t\t\t<div class=\"elementor-spacer\">\n\t\t\t<div class=\"elementor-spacer-inner\"><\/div>\n\t\t<\/div>\n\t\t\t\t\t\t<\/div>\n\t\t\t\t<\/div>\n\t\t\t\t\t<\/div>\n\t\t<\/div>\n\t\t\t\t\t<\/div>\n\t\t<\/section>\n\t\t\t\t<section class=\"elementor-section elementor-top-section elementor-element elementor-element-e309f45 elementor-section-boxed elementor-section-height-default elementor-section-height-default\" data-id=\"e309f45\" data-element_type=\"section\">\n\t\t\t\t\t\t<div class=\"elementor-container elementor-column-gap-default\">\n\t\t\t\t\t<div class=\"elementor-column elementor-col-100 elementor-top-column elementor-element elementor-element-bf05f49\" data-id=\"bf05f49\" data-element_type=\"column\">\n\t\t\t<div class=\"elementor-widget-wrap elementor-element-populated\">\n\t\t\t\t\t\t<div class=\"elementor-element elementor-element-43f2fe0 elementor-widget elementor-widget-text-editor\" data-id=\"43f2fe0\" data-element_type=\"widget\" data-widget_type=\"text-editor.default\">\n\t\t\t\t<div class=\"elementor-widget-container\">\n\t\t\t\t\t\t\t\t\t<h3>1. Introducci\u00f3n<\/h3><p><br \/>Esta Pol\u00edtica de Privacidad describe c\u00f3mo recopilamos, utilizamos y protegemos tus datos personales cuando utilizas nuestros servicios. Al acceder y utilizar nuestros servicios, aceptas esta Pol\u00edtica de Privacidad.<\/p><h3>2. Recopilaci\u00f3n de Datos<\/h3><p><br \/>Recopilamos datos personales, como tu nombre, direcci\u00f3n de correo electr\u00f3nico y otra informaci\u00f3n relevante, solo con tu consentimiento y para fines espec\u00edficos. No compartiremos tus datos con terceros sin tu autorizaci\u00f3n.<\/p><h3>3. Uso de Datos<\/h3><p><br \/>Utilizamos tus datos personales solo para los fines para los cuales los proporcionaste, como el procesamiento de pedidos o la mejora de nuestros servicios. No utilizaremos tus datos para fines no autorizados.<\/p><h3>4. Seguridad de Datos<\/h3><p><br \/>Tomamos medidas razonables para proteger tus datos personales y garantizar su seguridad. Sin embargo, debes tener en cuenta que ninguna transmisi\u00f3n de datos en l\u00ednea es completamente segura.<\/p><h3>5. Tus Derechos<\/h3><p><br \/>Tienes derecho a acceder, corregir o eliminar tus datos personales en cualquier momento. Puedes ejercer estos derechos poni\u00e9ndote en contacto con nosotros.<\/p><h3>6. Cambios en la Pol\u00edtica<\/h3><p><br \/>Podemos actualizar esta Pol\u00edtica de Privacidad de vez en cuando. Te notificaremos sobre cambios significativos en nuestra pol\u00edtica.<\/p><h3>7. Contacto<\/h3><p><br \/>Si tienes alguna pregunta o inquietud sobre nuestra pol\u00edtica de privacidad, no dudes en contactarnos.<\/p>\t\t\t\t\t\t\t\t<\/div>\n\t\t\t\t<\/div>\n\t\t\t\t\t<\/div>\n\t\t<\/div>\n\t\t\t\t\t<\/div>\n\t\t<\/section>\n\t\t\t\t<section class=\"elementor-section elementor-top-section elementor-element elementor-element-a02853b elementor-section-boxed elementor-section-height-default elementor-section-height-default\" data-id=\"a02853b\" data-element_type=\"section\">\n\t\t\t\t\t\t<div class=\"elementor-container elementor-column-gap-default\">\n\t\t\t\t\t<div class=\"elementor-column elementor-col-100 elementor-top-column elementor-element elementor-element-7c57e98\" data-id=\"7c57e98\" data-element_type=\"column\">\n\t\t\t<div class=\"elementor-widget-wrap elementor-element-populated\">\n\t\t\t\t\t\t<div class=\"elementor-element elementor-element-bcb0b3f elementor-widget elementor-widget-spacer\" data-id=\"bcb0b3f\" data-element_type=\"widget\" data-widget_type=\"spacer.default\">\n\t\t\t\t<div class=\"elementor-widget-container\">\n\t\t\t\t\t\t\t<div class=\"elementor-spacer\">\n\t\t\t<div class=\"elementor-spacer-inner\"><\/div>\n\t\t<\/div>\n\t\t\t\t\t\t<\/div>\n\t\t\t\t<\/div>\n\t\t\t\t\t<\/div>\n\t\t<\/div>\n\t\t\t\t\t<\/div>\n\t\t<\/section>\n\t\t\t\t<\/div>\n\t\t","protected":false},"excerpt":{"rendered":"<p>1. Introducci\u00f3n Esta Pol\u00edtica de Privacidad describe c\u00f3mo recopilamos, utilizamos y protegemos tus datos personales cuando utilizas nuestros servicios. Al acceder y utilizar nuestros servicios, aceptas esta Pol\u00edtica de Privacidad. 2. Recopilaci\u00f3n de Datos Recopilamos datos personales, como tu nombre, direcci\u00f3n de correo electr\u00f3nico y otra informaci\u00f3n relevante, solo con tu consentimiento y para fines [&hellip;]<\/p>\n","protected":false},"author":1,"featured_media":0,"parent":0,"menu_order":0,"comment_status":"closed","ping_status":"closed","template":"elementor_header_footer","meta":{"_acf_changed":false,"footnotes":""},"class_list":["post-1638","page","type-page","status-publish","hentry"],"acf":[],"yoast_head":"<!-- This site is optimized with the Yoast SEO plugin v24.3 - https:\/\/yoast.com\/wordpress\/plugins\/seo\/ -->\n<title>Pla Verd - Pol\u00edtica de privacidad<\/title>\n<meta name=\"description\" content=\"Lugar privado en el centro de Mallorca, un oasis de paz y tranquilidad donde disfrutar con los tuyos del sensual estilo de vida mediterr\u00e1neo, de la belleza del lugar, as\u00ed como descubrir y gozar el resto de la isla gracias a su ubicaci\u00f3n.\" \/>\n<meta name=\"robots\" content=\"index, follow, max-snippet:-1, max-image-preview:large, max-video-preview:-1\" \/>\n<link rel=\"canonical\" href=\"https:\/\/plaverd.com\/es\/politica-de-privacidad\/\" \/>\n<meta property=\"og:locale\" content=\"es_ES\" \/>\n<meta property=\"og:type\" content=\"article\" \/>\n<meta property=\"og:title\" content=\"Pla Verd - Pol\u00edtica de privacidad\" \/>\n<meta property=\"og:description\" content=\"Lugar privado en el centro de Mallorca, un oasis de paz y tranquilidad donde disfrutar con los tuyos del sensual estilo de vida mediterr\u00e1neo, de la belleza del lugar, as\u00ed como descubrir y gozar el resto de la isla gracias a su ubicaci\u00f3n.\" \/>\n<meta property=\"og:url\" content=\"https:\/\/plaverd.com\/es\/politica-de-privacidad\/\" \/>\n<meta property=\"og:site_name\" content=\"Pla Verd\" \/>\n<meta property=\"article:modified_time\" content=\"2023-09-06T09:35:22+00:00\" \/>\n<meta name=\"twitter:card\" content=\"summary_large_image\" \/>\n<meta name=\"twitter:label1\" content=\"Tiempo de lectura\" \/>\n\t<meta name=\"twitter:data1\" content=\"1 minuto\" \/>\n<script type=\"application\/ld+json\" class=\"yoast-schema-graph\">{\"@context\":\"https:\/\/schema.org\",\"@graph\":[{\"@type\":\"WebPage\",\"@id\":\"https:\/\/plaverd.com\/es\/politica-de-privacidad\/\",\"url\":\"https:\/\/plaverd.com\/es\/politica-de-privacidad\/\",\"name\":\"Pla Verd - Pol\u00edtica de privacidad\",\"isPartOf\":{\"@id\":\"https:\/\/plaverd.com\/es\/#website\"},\"datePublished\":\"2023-09-06T09:33:28+00:00\",\"dateModified\":\"2023-09-06T09:35:22+00:00\",\"description\":\"Lugar privado en el centro de Mallorca, un oasis de paz y tranquilidad donde disfrutar con los tuyos del sensual estilo de vida mediterr\u00e1neo, de la belleza del lugar, as\u00ed como descubrir y gozar el resto de la isla gracias a su ubicaci\u00f3n.\",\"breadcrumb\":{\"@id\":\"https:\/\/plaverd.com\/es\/politica-de-privacidad\/#breadcrumb\"},\"inLanguage\":\"es\",\"potentialAction\":[{\"@type\":\"ReadAction\",\"target\":[\"https:\/\/plaverd.com\/es\/politica-de-privacidad\/\"]}]},{\"@type\":\"BreadcrumbList\",\"@id\":\"https:\/\/plaverd.com\/es\/politica-de-privacidad\/#breadcrumb\",\"itemListElement\":[{\"@type\":\"ListItem\",\"position\":1,\"name\":\"Home\",\"item\":\"https:\/\/plaverd.com\/es\/\"},{\"@type\":\"ListItem\",\"position\":2,\"name\":\"Pol\u00edtica de privacidad\"}]},{\"@type\":\"WebSite\",\"@id\":\"https:\/\/plaverd.com\/es\/#website\",\"url\":\"https:\/\/plaverd.com\/es\/\",\"name\":\"Es Pla Verd\",\"description\":\"\",\"potentialAction\":[{\"@type\":\"SearchAction\",\"target\":{\"@type\":\"EntryPoint\",\"urlTemplate\":\"https:\/\/plaverd.com\/es\/?s={search_term_string}\"},\"query-input\":{\"@type\":\"PropertyValueSpecification\",\"valueRequired\":true,\"valueName\":\"search_term_string\"}}],\"inLanguage\":\"es\"}]}<\/script>\n<!-- \/ Yoast SEO plugin. -->","yoast_head_json":{"title":"Pla Verd - Pol\u00edtica de privacidad","description":"Lugar privado en el centro de Mallorca, un oasis de paz y tranquilidad donde disfrutar con los tuyos del sensual estilo de vida mediterr\u00e1neo, de la belleza del lugar, as\u00ed como descubrir y gozar el resto de la isla gracias a su ubicaci\u00f3n.","robots":{"index":"index","follow":"follow","max-snippet":"max-snippet:-1","max-image-preview":"max-image-preview:large","max-video-preview":"max-video-preview:-1"},"canonical":"https:\/\/plaverd.com\/es\/politica-de-privacidad\/","og_locale":"es_ES","og_type":"article","og_title":"Pla Verd - Pol\u00edtica de privacidad","og_description":"Lugar privado en el centro de Mallorca, un oasis de paz y tranquilidad donde disfrutar con los tuyos del sensual estilo de vida mediterr\u00e1neo, de la belleza del lugar, as\u00ed como descubrir y gozar el resto de la isla gracias a su ubicaci\u00f3n.","og_url":"https:\/\/plaverd.com\/es\/politica-de-privacidad\/","og_site_name":"Pla Verd","article_modified_time":"2023-09-06T09:35:22+00:00","twitter_card":"summary_large_image","twitter_misc":{"Tiempo de lectura":"1 minuto"},"schema":{"@context":"https:\/\/schema.org","@graph":[{"@type":"WebPage","@id":"https:\/\/plaverd.com\/es\/politica-de-privacidad\/","url":"https:\/\/plaverd.com\/es\/politica-de-privacidad\/","name":"Pla Verd - Pol\u00edtica de privacidad","isPartOf":{"@id":"https:\/\/plaverd.com\/es\/#website"},"datePublished":"2023-09-06T09:33:28+00:00","dateModified":"2023-09-06T09:35:22+00:00","description":"Lugar privado en el centro de Mallorca, un oasis de paz y tranquilidad donde disfrutar con los tuyos del sensual estilo de vida mediterr\u00e1neo, de la belleza del lugar, as\u00ed como descubrir y gozar el resto de la isla gracias a su ubicaci\u00f3n.","breadcrumb":{"@id":"https:\/\/plaverd.com\/es\/politica-de-privacidad\/#breadcrumb"},"inLanguage":"es","potentialAction":[{"@type":"ReadAction","target":["https:\/\/plaverd.com\/es\/politica-de-privacidad\/"]}]},{"@type":"BreadcrumbList","@id":"https:\/\/plaverd.com\/es\/politica-de-privacidad\/#breadcrumb","itemListElement":[{"@type":"ListItem","position":1,"name":"Home","item":"https:\/\/plaverd.com\/es\/"},{"@type":"ListItem","position":2,"name":"Pol\u00edtica de privacidad"}]},{"@type":"WebSite","@id":"https:\/\/plaverd.com\/es\/#website","url":"https:\/\/plaverd.com\/es\/","name":"Es Pla Verd","description":"","potentialAction":[{"@type":"SearchAction","target":{"@type":"EntryPoint","urlTemplate":"https:\/\/plaverd.com\/es\/?s={search_term_string}"},"query-input":{"@type":"PropertyValueSpecification","valueRequired":true,"valueName":"search_term_string"}}],"inLanguage":"es"}]}},"_links":{"self":[{"href":"https:\/\/plaverd.com\/es\/wp-json\/wp\/v2\/pages\/1638","targetHints":{"allow":["GET"]}}],"collection":[{"href":"https:\/\/plaverd.com\/es\/wp-json\/wp\/v2\/pages"}],"about":[{"href":"https:\/\/plaverd.com\/es\/wp-json\/wp\/v2\/types\/page"}],"author":[{"embeddable":true,"href":"https:\/\/plaverd.com\/es\/wp-json\/wp\/v2\/users\/1"}],"replies":[{"embeddable":true,"href":"https:\/\/plaverd.com\/es\/wp-json\/wp\/v2\/comments?post=1638"}],"version-history":[{"count":5,"href":"https:\/\/plaverd.com\/es\/wp-json\/wp\/v2\/pages\/1638\/revisions"}],"predecessor-version":[{"id":1643,"href":"https:\/\/plaverd.com\/es\/wp-json\/wp\/v2\/pages\/1638\/revisions\/1643"}],"wp:attachment":[{"href":"https:\/\/plaverd.com\/es\/wp-json\/wp\/v2\/media?parent=1638"}],"curies":[{"name":"wp","href":"https:\/\/api.w.org\/{rel}","templated":true}]}}