{"id":1630,"date":"2023-09-06T09:28:20","date_gmt":"2023-09-06T09:28:20","guid":{"rendered":"https:\/\/plaverd.com\/?page_id=1630"},"modified":"2023-09-06T09:33:15","modified_gmt":"2023-09-06T09:33:15","slug":"politica-de-cookies","status":"publish","type":"page","link":"https:\/\/plaverd.com\/es\/politica-de-cookies\/","title":{"rendered":"Pol\u00edtica de cookies"},"content":{"rendered":"\t\t<div data-elementor-type=\"wp-page\" data-elementor-id=\"1630\" class=\"elementor elementor-1630\" data-elementor-post-type=\"page\">\n\t\t\t\t\t\t<section class=\"elementor-section elementor-top-section elementor-element elementor-element-e276bf6 elementor-section-full_width elementor-section-height-full elementor-section-height-default elementor-section-items-middle\" data-id=\"e276bf6\" data-element_type=\"section\" data-settings=\"{&quot;background_background&quot;:&quot;video&quot;,&quot;background_video_link&quot;:&quot;https:\\\/\\\/www.youtube.com\\\/watch?v=JbtixmzS4cU&quot;,&quot;background_video_end&quot;:141,&quot;background_video_start&quot;:0,&quot;background_privacy_mode&quot;:&quot;yes&quot;,&quot;background_play_on_mobile&quot;:&quot;yes&quot;}\">\n\t\t\t\t\t\t\t\t<div class=\"elementor-background-video-container\">\n\t\t\t\t\t\t\t\t\t\t\t\t\t<div class=\"elementor-background-video-embed\"><\/div>\n\t\t\t\t\t\t\t\t\t\t\t\t<\/div>\n\t\t\t\t\t\t\t\t\t<div class=\"elementor-background-overlay\"><\/div>\n\t\t\t\t\t\t\t<div class=\"elementor-container elementor-column-gap-default\">\n\t\t\t\t\t<div class=\"elementor-column elementor-col-100 elementor-top-column elementor-element elementor-element-15e9572\" data-id=\"15e9572\" data-element_type=\"column\">\n\t\t\t<div class=\"elementor-widget-wrap elementor-element-populated\">\n\t\t\t\t\t\t<div class=\"elementor-element elementor-element-252083d elementor-widget elementor-widget-heading\" data-id=\"252083d\" data-element_type=\"widget\" data-widget_type=\"heading.default\">\n\t\t\t\t<div class=\"elementor-widget-container\">\n\t\t\t\t\t<h2 class=\"elementor-heading-title elementor-size-default\"> <\/h2>\t\t\t\t<\/div>\n\t\t\t\t<\/div>\n\t\t\t\t\t<\/div>\n\t\t<\/div>\n\t\t\t\t\t<\/div>\n\t\t<\/section>\n\t\t\t\t<section class=\"elementor-section elementor-top-section elementor-element elementor-element-e6ee5f8 elementor-section-boxed elementor-section-height-default elementor-section-height-default\" data-id=\"e6ee5f8\" data-element_type=\"section\">\n\t\t\t\t\t\t<div class=\"elementor-container elementor-column-gap-default\">\n\t\t\t\t\t<div class=\"elementor-column elementor-col-100 elementor-top-column elementor-element elementor-element-40a3873\" data-id=\"40a3873\" data-element_type=\"column\">\n\t\t\t<div class=\"elementor-widget-wrap elementor-element-populated\">\n\t\t\t\t\t\t<div class=\"elementor-element elementor-element-8e43830 elementor-widget elementor-widget-spacer\" data-id=\"8e43830\" data-element_type=\"widget\" data-widget_type=\"spacer.default\">\n\t\t\t\t<div class=\"elementor-widget-container\">\n\t\t\t\t\t\t\t<div class=\"elementor-spacer\">\n\t\t\t<div class=\"elementor-spacer-inner\"><\/div>\n\t\t<\/div>\n\t\t\t\t\t\t<\/div>\n\t\t\t\t<\/div>\n\t\t\t\t\t<\/div>\n\t\t<\/div>\n\t\t\t\t\t<\/div>\n\t\t<\/section>\n\t\t\t\t<section class=\"elementor-section elementor-top-section elementor-element elementor-element-e309f45 elementor-section-boxed elementor-section-height-default elementor-section-height-default\" data-id=\"e309f45\" data-element_type=\"section\">\n\t\t\t\t\t\t<div class=\"elementor-container elementor-column-gap-default\">\n\t\t\t\t\t<div class=\"elementor-column elementor-col-100 elementor-top-column elementor-element elementor-element-bf05f49\" data-id=\"bf05f49\" data-element_type=\"column\">\n\t\t\t<div class=\"elementor-widget-wrap elementor-element-populated\">\n\t\t\t\t\t\t<div class=\"elementor-element elementor-element-43f2fe0 elementor-widget elementor-widget-text-editor\" data-id=\"43f2fe0\" data-element_type=\"widget\" data-widget_type=\"text-editor.default\">\n\t\t\t\t<div class=\"elementor-widget-container\">\n\t\t\t\t\t\t\t\t\t<h3>1. Uso de Cookies<\/h3>\nNuestro sitio web utiliza cookies para mejorar la experiencia del usuario. Al continuar navegando por este sitio, aceptas el uso de cookies de acuerdo con esta pol\u00edtica.\n<h3>2. \u00bfQu\u00e9 son las Cookies?<\/h3>\nLas cookies son peque\u00f1os archivos de texto que se almacenan en tu dispositivo cuando visitas un sitio web. Estos archivos permiten que el sitio web recuerde tus preferencias y acciones anteriores, lo que facilita tu experiencia de navegaci\u00f3n.\n<h3>3. Tipos de Cookies<\/h3>\nUtilizamos cookies esenciales y cookies de rendimiento en nuestro sitio web. Las cookies esenciales son necesarias para el funcionamiento b\u00e1sico del sitio, mientras que las cookies de rendimiento nos ayudan a mejorar la funcionalidad y la experiencia del usuario.\n<h3>4. Control de Cookies<\/h3>\nPuedes gestionar tus preferencias de cookies a trav\u00e9s de la configuraci\u00f3n de tu navegador. Ten en cuenta que deshabilitar ciertas cookies puede afectar negativamente la funcionalidad del sitio.\n<h3>5. M\u00e1s Informaci\u00f3n<\/h3>\nPara obtener m\u00e1s informaci\u00f3n sobre nuestras pr\u00e1cticas de cookies, consulta nuestra <a href=\"\/politica-de-privacidad\" target=\"_blank\">Pol\u00edtica de Privacidad.<\/a>\t\t\t\t\t\t\t\t<\/div>\n\t\t\t\t<\/div>\n\t\t\t\t\t<\/div>\n\t\t<\/div>\n\t\t\t\t\t<\/div>\n\t\t<\/section>\n\t\t\t\t<section class=\"elementor-section elementor-top-section elementor-element elementor-element-a02853b elementor-section-boxed elementor-section-height-default elementor-section-height-default\" data-id=\"a02853b\" data-element_type=\"section\">\n\t\t\t\t\t\t<div class=\"elementor-container elementor-column-gap-default\">\n\t\t\t\t\t<div class=\"elementor-column elementor-col-100 elementor-top-column elementor-element elementor-element-7c57e98\" data-id=\"7c57e98\" data-element_type=\"column\">\n\t\t\t<div class=\"elementor-widget-wrap elementor-element-populated\">\n\t\t\t\t\t\t<div class=\"elementor-element elementor-element-bcb0b3f elementor-widget elementor-widget-spacer\" data-id=\"bcb0b3f\" data-element_type=\"widget\" data-widget_type=\"spacer.default\">\n\t\t\t\t<div class=\"elementor-widget-container\">\n\t\t\t\t\t\t\t<div class=\"elementor-spacer\">\n\t\t\t<div class=\"elementor-spacer-inner\"><\/div>\n\t\t<\/div>\n\t\t\t\t\t\t<\/div>\n\t\t\t\t<\/div>\n\t\t\t\t\t<\/div>\n\t\t<\/div>\n\t\t\t\t\t<\/div>\n\t\t<\/section>\n\t\t\t\t<\/div>\n\t\t","protected":false},"excerpt":{"rendered":"<p>1. Uso de Cookies Nuestro sitio web utiliza cookies para mejorar la experiencia del usuario. Al continuar navegando por este sitio, aceptas el uso de cookies de acuerdo con esta pol\u00edtica. 2. \u00bfQu\u00e9 son las Cookies? Las cookies son peque\u00f1os archivos de texto que se almacenan en tu dispositivo cuando visitas un sitio web. Estos [&hellip;]<\/p>\n","protected":false},"author":1,"featured_media":0,"parent":0,"menu_order":0,"comment_status":"closed","ping_status":"closed","template":"elementor_header_footer","meta":{"_acf_changed":false,"footnotes":""},"class_list":["post-1630","page","type-page","status-publish","hentry"],"acf":[],"yoast_head":"<!-- This site is optimized with the Yoast SEO plugin v24.3 - https:\/\/yoast.com\/wordpress\/plugins\/seo\/ -->\n<title>Pla Verd - Pol\u00edtica de cookies<\/title>\n<meta name=\"description\" content=\"Lugar privado en el centro de Mallorca, un oasis de paz y tranquilidad donde disfrutar con los tuyos del sensual estilo de vida mediterr\u00e1neo, de la belleza del lugar, as\u00ed como descubrir y gozar el resto de la isla gracias a su ubicaci\u00f3n.\" \/>\n<meta name=\"robots\" content=\"index, follow, max-snippet:-1, max-image-preview:large, max-video-preview:-1\" \/>\n<link rel=\"canonical\" href=\"https:\/\/plaverd.com\/es\/politica-de-cookies\/\" \/>\n<meta property=\"og:locale\" content=\"es_ES\" \/>\n<meta property=\"og:type\" content=\"article\" \/>\n<meta property=\"og:title\" content=\"Pla Verd - Pol\u00edtica de cookies\" \/>\n<meta property=\"og:description\" content=\"Lugar privado en el centro de Mallorca, un oasis de paz y tranquilidad donde disfrutar con los tuyos del sensual estilo de vida mediterr\u00e1neo, de la belleza del lugar, as\u00ed como descubrir y gozar el resto de la isla gracias a su ubicaci\u00f3n.\" \/>\n<meta property=\"og:url\" content=\"https:\/\/plaverd.com\/es\/politica-de-cookies\/\" \/>\n<meta property=\"og:site_name\" content=\"Pla Verd\" \/>\n<meta property=\"article:modified_time\" content=\"2023-09-06T09:33:15+00:00\" \/>\n<meta name=\"twitter:card\" content=\"summary_large_image\" \/>\n<meta name=\"twitter:label1\" content=\"Tiempo de lectura\" \/>\n\t<meta name=\"twitter:data1\" content=\"1 minuto\" \/>\n<script type=\"application\/ld+json\" class=\"yoast-schema-graph\">{\"@context\":\"https:\/\/schema.org\",\"@graph\":[{\"@type\":\"WebPage\",\"@id\":\"https:\/\/plaverd.com\/es\/politica-de-cookies\/\",\"url\":\"https:\/\/plaverd.com\/es\/politica-de-cookies\/\",\"name\":\"Pla Verd - Pol\u00edtica de cookies\",\"isPartOf\":{\"@id\":\"https:\/\/plaverd.com\/es\/#website\"},\"datePublished\":\"2023-09-06T09:28:20+00:00\",\"dateModified\":\"2023-09-06T09:33:15+00:00\",\"description\":\"Lugar privado en el centro de Mallorca, un oasis de paz y tranquilidad donde disfrutar con los tuyos del sensual estilo de vida mediterr\u00e1neo, de la belleza del lugar, as\u00ed como descubrir y gozar el resto de la isla gracias a su ubicaci\u00f3n.\",\"breadcrumb\":{\"@id\":\"https:\/\/plaverd.com\/es\/politica-de-cookies\/#breadcrumb\"},\"inLanguage\":\"es\",\"potentialAction\":[{\"@type\":\"ReadAction\",\"target\":[\"https:\/\/plaverd.com\/es\/politica-de-cookies\/\"]}]},{\"@type\":\"BreadcrumbList\",\"@id\":\"https:\/\/plaverd.com\/es\/politica-de-cookies\/#breadcrumb\",\"itemListElement\":[{\"@type\":\"ListItem\",\"position\":1,\"name\":\"Home\",\"item\":\"https:\/\/plaverd.com\/es\/\"},{\"@type\":\"ListItem\",\"position\":2,\"name\":\"Pol\u00edtica de cookies\"}]},{\"@type\":\"WebSite\",\"@id\":\"https:\/\/plaverd.com\/es\/#website\",\"url\":\"https:\/\/plaverd.com\/es\/\",\"name\":\"Es Pla Verd\",\"description\":\"\",\"potentialAction\":[{\"@type\":\"SearchAction\",\"target\":{\"@type\":\"EntryPoint\",\"urlTemplate\":\"https:\/\/plaverd.com\/es\/?s={search_term_string}\"},\"query-input\":{\"@type\":\"PropertyValueSpecification\",\"valueRequired\":true,\"valueName\":\"search_term_string\"}}],\"inLanguage\":\"es\"}]}<\/script>\n<!-- \/ Yoast SEO plugin. -->","yoast_head_json":{"title":"Pla Verd - Pol\u00edtica de cookies","description":"Lugar privado en el centro de Mallorca, un oasis de paz y tranquilidad donde disfrutar con los tuyos del sensual estilo de vida mediterr\u00e1neo, de la belleza del lugar, as\u00ed como descubrir y gozar el resto de la isla gracias a su ubicaci\u00f3n.","robots":{"index":"index","follow":"follow","max-snippet":"max-snippet:-1","max-image-preview":"max-image-preview:large","max-video-preview":"max-video-preview:-1"},"canonical":"https:\/\/plaverd.com\/es\/politica-de-cookies\/","og_locale":"es_ES","og_type":"article","og_title":"Pla Verd - Pol\u00edtica de cookies","og_description":"Lugar privado en el centro de Mallorca, un oasis de paz y tranquilidad donde disfrutar con los tuyos del sensual estilo de vida mediterr\u00e1neo, de la belleza del lugar, as\u00ed como descubrir y gozar el resto de la isla gracias a su ubicaci\u00f3n.","og_url":"https:\/\/plaverd.com\/es\/politica-de-cookies\/","og_site_name":"Pla Verd","article_modified_time":"2023-09-06T09:33:15+00:00","twitter_card":"summary_large_image","twitter_misc":{"Tiempo de lectura":"1 minuto"},"schema":{"@context":"https:\/\/schema.org","@graph":[{"@type":"WebPage","@id":"https:\/\/plaverd.com\/es\/politica-de-cookies\/","url":"https:\/\/plaverd.com\/es\/politica-de-cookies\/","name":"Pla Verd - Pol\u00edtica de cookies","isPartOf":{"@id":"https:\/\/plaverd.com\/es\/#website"},"datePublished":"2023-09-06T09:28:20+00:00","dateModified":"2023-09-06T09:33:15+00:00","description":"Lugar privado en el centro de Mallorca, un oasis de paz y tranquilidad donde disfrutar con los tuyos del sensual estilo de vida mediterr\u00e1neo, de la belleza del lugar, as\u00ed como descubrir y gozar el resto de la isla gracias a su ubicaci\u00f3n.","breadcrumb":{"@id":"https:\/\/plaverd.com\/es\/politica-de-cookies\/#breadcrumb"},"inLanguage":"es","potentialAction":[{"@type":"ReadAction","target":["https:\/\/plaverd.com\/es\/politica-de-cookies\/"]}]},{"@type":"BreadcrumbList","@id":"https:\/\/plaverd.com\/es\/politica-de-cookies\/#breadcrumb","itemListElement":[{"@type":"ListItem","position":1,"name":"Home","item":"https:\/\/plaverd.com\/es\/"},{"@type":"ListItem","position":2,"name":"Pol\u00edtica de cookies"}]},{"@type":"WebSite","@id":"https:\/\/plaverd.com\/es\/#website","url":"https:\/\/plaverd.com\/es\/","name":"Es Pla Verd","description":"","potentialAction":[{"@type":"SearchAction","target":{"@type":"EntryPoint","urlTemplate":"https:\/\/plaverd.com\/es\/?s={search_term_string}"},"query-input":{"@type":"PropertyValueSpecification","valueRequired":true,"valueName":"search_term_string"}}],"inLanguage":"es"}]}},"_links":{"self":[{"href":"https:\/\/plaverd.com\/es\/wp-json\/wp\/v2\/pages\/1630","targetHints":{"allow":["GET"]}}],"collection":[{"href":"https:\/\/plaverd.com\/es\/wp-json\/wp\/v2\/pages"}],"about":[{"href":"https:\/\/plaverd.com\/es\/wp-json\/wp\/v2\/types\/page"}],"author":[{"embeddable":true,"href":"https:\/\/plaverd.com\/es\/wp-json\/wp\/v2\/users\/1"}],"replies":[{"embeddable":true,"href":"https:\/\/plaverd.com\/es\/wp-json\/wp\/v2\/comments?post=1630"}],"version-history":[{"count":5,"href":"https:\/\/plaverd.com\/es\/wp-json\/wp\/v2\/pages\/1630\/revisions"}],"predecessor-version":[{"id":1637,"href":"https:\/\/plaverd.com\/es\/wp-json\/wp\/v2\/pages\/1630\/revisions\/1637"}],"wp:attachment":[{"href":"https:\/\/plaverd.com\/es\/wp-json\/wp\/v2\/media?parent=1630"}],"curies":[{"name":"wp","href":"https:\/\/api.w.org\/{rel}","templated":true}]}}